{"id":2,"date":"2016-04-05T15:33:32","date_gmt":"2016-04-05T15:33:32","guid":{"rendered":"http:\/\/www.goteborgsyachtclub.org\/?page_id=2"},"modified":"2019-11-22T13:31:19","modified_gmt":"2019-11-22T13:31:19","slug":"sample-page","status":"publish","type":"page","link":"https:\/\/www.goteborgsyachtclub.org\/?page_id=2","title":{"rendered":"Detta \u00e4r GYC &#038; GYC Jubileumsskrift"},"content":{"rendered":"<h3 style=\"text-align: center;\"><a href=\"https:\/\/www.goteborgsyachtclub.org\/wp-content\/uploads\/2017\/05\/GYC-Jubileumsskrift_Final_170429_low-1.pdf\" target=\"_blank\" rel=\"noopener noreferrer\">Klicka h\u00e4r f\u00f6r att l\u00e4sa GYC Jubileumsskrift i pdf-format<\/a><\/h3>\n<p style=\"text-align: center;\"><img loading=\"lazy\" decoding=\"async\" class=\"alignnone size-full wp-image-138\" src=\"https:\/\/www.goteborgsyachtclub.org\/wp-content\/uploads\/2015\/12\/gyc-jubileum.png\" alt=\"\" width=\"85\" height=\"138\" \/><\/p>\n<p><img loading=\"lazy\" decoding=\"async\" class=\"size-full wp-image-144 alignleft\" src=\"https:\/\/www.goteborgsyachtclub.org\/wp-content\/uploads\/2016\/04\/kjell.png\" alt=\"kjell\" width=\"150\" height=\"245\" \/>GYC, G\u00f6teborgs Yacht Club \u00e4r en av svensk segelsports \u00e4ldsta och mest meriterade segels\u00e4llskap. \u00c5r 2016 \u00e4r det 100-\u00e5rsjubileum under dessa 100 \u00e5r har de allra flesta av v\u00e4stkkustens elitseglare tillh\u00f6rt klubben.<\/p>\n<p>Till skillnad fr\u00e5n m\u00e5nga andra segels\u00e4llskap \u00e4r det n\u00e4mligen enbart kappsegling och ej cruising som \u00e4r kriteriet f\u00f6r att kunna bli medlem. Intagningskriterierna har f\u00f6rvisso varierat en aning genom \u00e5ren men har \u00e4nd\u00e5 alltid haft kappseglingen i fokus. Ett tag var det endast seglare med minst ett SM-tecken som kunde bli medlemmar. Idag \u00e4r det fortfarande elitseglare som v\u00e4ljs in, men \u00e4ven personer som \u201dgjort seglingssporten exceptionellt stora f\u00f6rtj\u00e4nster\u201d kan f\u00f6r\u00e4ras medlemskap.<\/p>\n<p>GYC har idag ca 200 medlemmar varav sedan mitten av 90-talet \u00e4ven v\u00e5ra duktigaste kvinnliga seglare finns med.<\/p>\n<p>Verksamheten best\u00e5r i klubbaftnar och sammankomster, ofta bes\u00f6k hos f\u00f6retag med seglingsanknytning. Sj\u00e4lvklart kryddas ocks\u00e5 tr\u00e4ffarna med \u201dinside-information\u201d fr\u00e5n medlemmar som deltar i sp\u00e4nnande seglingsprojekt och som deltagit i s\u00e5v\u00e4l internationella m\u00e4sterskapst\u00e4vlingar som olympiska seglingar etc.<\/p>\n<p>En av de viktigaste uppgifterna \u00e4r att st\u00f6tta och sporra unga seglare. GYC delar d\u00e4rf\u00f6r ut ett antal stipendier och minnespris till unga och lovande seglingsungdomar.<\/p>\n<hr id=\"system-readmore\" \/>\n<p>Vad h\u00e4nde 1966? \u2013 GYC 50\u00e5r<\/p>\n<p>Bland de segelklubbar som under 1966 jubilerar m\u00e4rks G\u00f6teborgs Yacht Club, en i sitt slag enast\u00e5ende sammanslutning. 22 november 1916 samlades hrr Richard Jonsson, P.O. Westerberg, Robert Lindstrand, Birger Jonsson, C.G. Bergqvist och Alb. G. Edgren i akt och mening att instifta en ny seglingsorganisation som fick namnet Aeolous Segeljaktklubb. Klubbens \u00e4ndam\u00e5l skulle vara att v\u00e4cka intresse f\u00f6r och befr\u00e4mja segelsporten, f\u00f6retr\u00e4delsevis genom att representationsjakter delta i pokalt\u00e4vlingar. Av denna organisation blev s\u00e5 sm\u00e5ningom G\u00f6teborgs Yacht Club.<\/p>\n<p>Meningen \u00e4r att fira jubileums\u00e5ret med ett antal seglingar och sammankomster. Programmet \u00e4r \u00e4nnu inte fastst\u00e4llt i detalj men en tillfartssegling G\u00f6teborg-K\u00f6penhamn, till KDY:s 100-\u00e5rs jubileum, \u00e4r planerad i form av \u201df\u00f6rst-i-m\u00e5l-segling\u201d<\/p>\n<p>GYC \u00e4r i m\u00e5ngt och mycket ett unikum bland svenska segelklubbar och \u00e4r inte n\u00e5gon storf\u00f6rening som GKSS eller KSSS, \u00e4r inte lokalt bunden till n\u00e5gon vik eller seglingsvatten och f\u00f6retr\u00e4der inte n\u00e5gon speciell klass s\u00e5som starb\u00e5tsflottiljerna eller Havskappseglarklubben. Arrangerar heller inte n\u00e5gra seglingar och har allts\u00e5 inga \u201ddagar\u201d. I enlighet med ovan n\u00e4mnda \u00e4ndam\u00e5l st\u00f6der klubben framst\u00e5ende kappseglare genom resebidrag, b\u00e5tbyggnadsl\u00e5n o.s.v. Ett flertal 5,5:or, drakar, starb\u00e5tar har kunnat byggas tack vare hj\u00e4lp med l\u00e5n fr\u00e5n GYC.<\/p>\n<p>Nya b\u00e5tklasser har ofta introducerats med ekonomiskt och moraliskt st\u00f6d fr\u00e5n klubben. 1952 fick t.ex. starb\u00e5ten p\u00e5 ett enda klubbm\u00f6te 3.000 kronor kontant som tillsk\u00f6ts av medlemmar till en b\u00e5tbyggnadsfond. Finnjollen introducerades 1956 p\u00e5 V\u00e4stkusten genom ett GYC initiativ. Klubben har ocks\u00e5 verksamt bidragit till att f\u00e5 storarrangemang till V\u00e4stkusten. GYC garanterade exempelvis arrang\u00f6rerna av Finn SM 1958 att svara f\u00f6r uppkommen f\u00f6rlust upp till ett visst belopp. Det planerade EM f\u00f6r starb\u00e5tar i Varberg 1966 kan bli ett annat s\u00e5dant arrangemang d\u00e4r hj\u00e4lp och st\u00f6d beh\u00f6vs.<\/p>\n<p>Klubbens medlemmar har alltid best\u00e5tt av ett antal f\u00e4rgstarka individualister med friska id\u00e9er och f\u00f6rm\u00e5ga att utf\u00f6ra och vidareutveckla v\u00e4ckta f\u00f6rslag. En medlem kan inv\u00e4ljas p\u00e5 ordinarie v\u00e5r- eller h\u00f6stm\u00f6te men f\u00f6rslag skall f\u00f6rst behandlas av styrelsen. Sedan gammalt har det varit sed att endast de b\u00e4sta i varje klass kommer med, eliten allts\u00e5. Tidigare var man \u00e4nnu restriktivare medan nuvarande styrelse f\u00f6rsiktigt f\u00f6rs\u00f6ker att f\u00f6ryngra medlemskadern och f\u00e5 de flesta klasser representerade.<\/p>\n<p>Klubben har allts\u00e5 blivit en hemvist f\u00f6r mycket skickliga seglare. Det finns inte en olympiad sedan efter kriget d\u00e4r Sverige inte representerats av n\u00e5gon GYC:are. Och som ocks\u00e5 tagit medaljer. 1948 vann Folke Bohlin silver tillsammans med Hugo Johnson och Brodd\u00e9n i Torquay. 1952 fick Folke Wass\u00e9n, Carl-Erik Ohlson och Magnus Wass\u00e9n brons vid Helsingfors. 1956 blev det guld f\u00f6r Folke Bohlin, Bengt Palmquist och Leif Wikstr\u00f6m i Melbourne och 1960 var Sverige och GYC representerat med fyra b\u00e5tar. 1964 seglade pelle Pettersson och Holger Sundstr\u00f6m hem brons i Tokyo.<\/p>\n<p>Andra framg\u00e5ngar: G\u00f6ran Andersson v\u00e4rldsm\u00e4stare i OK-jolle 1965. I 5,5 metersklassen vann p\u00e5 sin tid Morgan Lindstr\u00f6m Coupe de France, Bengt Sj\u00f6sten Coronation Cup och Claes Turitz Guldpokalen tv\u00e5 g\u00e5nger. Svensk representant vid EM 1964 och VM 1965 f\u00f6r FD var Bj\u00f6rn Ros\u00e9n som ocks\u00e5 1961 blev femma i VM f\u00f6r Finn. Etta, trea och fyra i starb\u00e5tsklassen i Kiel 1963 var GYC:arna Pelle Pettersson, Stig Wennerstr\u00f6m och H\u00e5kan Carlsson. I \u00f6vrigt har klubbmedlemmarna er\u00f6vrat flera svenska m\u00e4sterskap, ja t.o.m. tv\u00e5 amerikanska.<\/p>\n<p>N\u00e4r Svenska Seglarf\u00f6rbundet 1963 skulle omorganiseras stod GYC f\u00f6r det enda vettiga motalternativet genom att framl\u00e4gga en motion, utarbetad av Pelle Seld\u00e9n och Bj\u00f6rn Ros\u00e9n, som gick ut p\u00e5 att kappseglingsidrotten (sportseglingen) skulle skiljas fr\u00e5n \u201dseglingsfr\u00e4mjandet\u201d<\/p>\n<p>Med Bj\u00f6rn Ros\u00e9n som klubbordf\u00f6rande smides nu planer att g\u00f6ra jubileumss\u00e4songen 1966 s\u00e5 intressant och omv\u00e4xlande som m\u00f6jligt. Vi \u00f6nskar klubbledningen lycka till.<\/p>\n<p>Denna artikel var skriven av Nick Hjort i Seglarbladet 1965 och framgr\u00e4vd av Tom Rydberg 2011.<\/p>\n","protected":false},"excerpt":{"rendered":"<p>Klicka h\u00e4r f\u00f6r att l\u00e4sa GYC Jubileumsskrift i pdf-format GYC, G\u00f6teborgs Yacht Club \u00e4r en av svensk segelsports \u00e4ldsta och mest meriterade segels\u00e4llskap. \u00c5r 2016 \u00e4r det 100-\u00e5rsjubileum under dessa 100 \u00e5r har de allra flesta av v\u00e4stkkustens elitseglare tillh\u00f6rt klubben. Till skillnad fr\u00e5n m\u00e5nga andra segels\u00e4llskap \u00e4r det n\u00e4mligen enbart kappsegling och ej cruising [&hellip;]<\/p>\n","protected":false},"author":1,"featured_media":0,"parent":0,"menu_order":0,"comment_status":"closed","ping_status":"open","template":"","meta":{"footnotes":""},"class_list":["post-2","page","type-page","status-publish","hentry"],"_links":{"self":[{"href":"https:\/\/www.goteborgsyachtclub.org\/index.php?rest_route=\/wp\/v2\/pages\/2","targetHints":{"allow":["GET"]}}],"collection":[{"href":"https:\/\/www.goteborgsyachtclub.org\/index.php?rest_route=\/wp\/v2\/pages"}],"about":[{"href":"https:\/\/www.goteborgsyachtclub.org\/index.php?rest_route=\/wp\/v2\/types\/page"}],"author":[{"embeddable":true,"href":"https:\/\/www.goteborgsyachtclub.org\/index.php?rest_route=\/wp\/v2\/users\/1"}],"replies":[{"embeddable":true,"href":"https:\/\/www.goteborgsyachtclub.org\/index.php?rest_route=%2Fwp%2Fv2%2Fcomments&post=2"}],"version-history":[{"count":3,"href":"https:\/\/www.goteborgsyachtclub.org\/index.php?rest_route=\/wp\/v2\/pages\/2\/revisions"}],"predecessor-version":[{"id":363,"href":"https:\/\/www.goteborgsyachtclub.org\/index.php?rest_route=\/wp\/v2\/pages\/2\/revisions\/363"}],"wp:attachment":[{"href":"https:\/\/www.goteborgsyachtclub.org\/index.php?rest_route=%2Fwp%2Fv2%2Fmedia&parent=2"}],"curies":[{"name":"wp","href":"https:\/\/api.w.org\/{rel}","templated":true}]}}