{"id":150,"date":"2016-04-15T07:19:12","date_gmt":"2016-04-15T07:19:12","guid":{"rendered":"http:\/\/www.goteborgsyachtclub.org\/?page_id=150"},"modified":"2026-03-31T11:42:22","modified_gmt":"2026-03-31T11:42:22","slug":"kontakt","status":"publish","type":"page","link":"https:\/\/www.goteborgsyachtclub.org\/?page_id=150","title":{"rendered":"Kontakt"},"content":{"rendered":"<p><strong><span style=\"color: #ff0000;\">Ordf\u00f6rande<br \/>\n<\/span><\/strong>Sandra Lenving-Lundh<br \/>\nEkebyv\u00e4gen 21<br \/>\n429 32 Kullavik<br \/>\nMobil 0708 773635<br \/>\n<a href=\"mailto:Sandra.lenvinglundh@gmail.com\">Sandra.lenvinglundh@gmail.com<\/a><\/p>\n<p><span style=\"color: #ff0000;\"><strong>Kass\u00f6r<\/strong><\/span><br \/>\nAnders Kuikka<\/p>\n<p><span style=\"color: #ff0000;\"><strong>Sekreterare\u00a0<\/strong><\/span><br \/>\nMats-Uno Fredrikson<\/p>\n<p><strong style=\"color: #ff0000; font-size: revert;\">Klubbm\u00e4stare<br \/>\n<\/strong>Eva Nord<\/p>\n<p><span style=\"color: #ff0000;\"><strong>Ledamot<br \/>\n<\/strong><\/span>August Hanson<\/p>\n<p><span style=\"color: #ff0000;\"><strong>Webmaster<\/strong><\/span><br \/>\nTheres Wolgast<\/p>\n","protected":false},"excerpt":{"rendered":"<p>Ordf\u00f6rande Sandra Lenving-Lundh Ekebyv\u00e4gen 21 429 32 Kullavik Mobil 0708 773635 Sandra.lenvinglundh@gmail.com Kass\u00f6r Anders Kuikka Sekreterare\u00a0 Mats-Uno Fredrikson Klubbm\u00e4stare Eva Nord Ledamot August Hanson Webmaster Theres Wolgast<\/p>\n","protected":false},"author":1,"featured_media":0,"parent":0,"menu_order":0,"comment_status":"closed","ping_status":"closed","template":"","meta":{"footnotes":""},"class_list":["post-150","page","type-page","status-publish","hentry"],"_links":{"self":[{"href":"https:\/\/www.goteborgsyachtclub.org\/index.php?rest_route=\/wp\/v2\/pages\/150","targetHints":{"allow":["GET"]}}],"collection":[{"href":"https:\/\/www.goteborgsyachtclub.org\/index.php?rest_route=\/wp\/v2\/pages"}],"about":[{"href":"https:\/\/www.goteborgsyachtclub.org\/index.php?rest_route=\/wp\/v2\/types\/page"}],"author":[{"embeddable":true,"href":"https:\/\/www.goteborgsyachtclub.org\/index.php?rest_route=\/wp\/v2\/users\/1"}],"replies":[{"embeddable":true,"href":"https:\/\/www.goteborgsyachtclub.org\/index.php?rest_route=%2Fwp%2Fv2%2Fcomments&post=150"}],"version-history":[{"count":16,"href":"https:\/\/www.goteborgsyachtclub.org\/index.php?rest_route=\/wp\/v2\/pages\/150\/revisions"}],"predecessor-version":[{"id":460,"href":"https:\/\/www.goteborgsyachtclub.org\/index.php?rest_route=\/wp\/v2\/pages\/150\/revisions\/460"}],"wp:attachment":[{"href":"https:\/\/www.goteborgsyachtclub.org\/index.php?rest_route=%2Fwp%2Fv2%2Fmedia&parent=150"}],"curies":[{"name":"wp","href":"https:\/\/api.w.org\/{rel}","templated":true}]}}