{"id":148,"date":"2016-04-15T07:13:02","date_gmt":"2016-04-15T07:13:02","guid":{"rendered":"http:\/\/www.goteborgsyachtclub.org\/?page_id=148"},"modified":"2024-11-06T07:45:14","modified_gmt":"2024-11-06T07:45:14","slug":"priser-och-stipendier","status":"publish","type":"page","link":"https:\/\/www.goteborgsyachtclub.org\/?page_id=148","title":{"rendered":"Priser och stipendier"},"content":{"rendered":"<p>GYC har under m\u00e5nga \u00e5r delat ut stipendier till duktiga och lovande seglare inom bankappseglingen. Under senare \u00e5r har ocks\u00e5 andra stipendier tillkommit som ger fler m\u00f6jligheter till st\u00f6d fr\u00e5n klubben.<\/p>\n<p><strong><span style=\"color: #ff0000;\">______________________________________________________________________________________________<\/span><\/strong><\/p>\n<h2>GYC Jubileumsfond<\/h2>\n<p>Fonden instiftades 2016 tack vare en donation fr\u00e5n Claes E. Jacobsson och andra GYC medlemmar. Tanken \u00e4r att fonden skall anv\u00e4ndas f\u00f6r att st\u00f6tta och utveckla duktiga unga seglare p\u00e5 v\u00e4stkusten till att ta steget upp i den \u00f6versta eliten.<br \/>\nSt\u00f6ttningen fr\u00e5n GYC kan ske \u00f6ver ett eller flera \u00e5r och st\u00f6rre krav p\u00e5 sportslig plan och uppf\u00f6ljning kommer att kr\u00e4vas av styrelsen. Stipendiets storlek best\u00e4ms av styrelsen.<\/p>\n<p><strong><span style=\"color: #339966;\">______________________________________________________________________________________________<\/span><\/strong><\/p>\n<h2>GYC Ungdomsstipendie<\/h2>\n<p><em>f\u00f6r lovande seglarungdomar<\/em><\/p>\n<p>1989 instiftade GYC ett ungdomsstipendium, vilket \u00e5rligen utdelas till lovande seglarungdomar ej fyllda 16 \u00e5r. Syftet \u00e4r att ge dessa ungdomar m\u00f6jlighet till kvalificerad tr\u00e4ning och t\u00e4vling.<\/p>\n<p>Stipendiets storlek best\u00e4ms av styrelsen och har tidigare \u00e5r varit 5.000:-.<\/p>\n<p><span style=\"color: #ff0000;\"><strong>______________________________________________________________________________________________<\/strong><\/span><\/p>\n<h2>Janne Bergl\u00f6ws Minnespris<\/h2>\n<p>Priset ska tilldelas en \u201dp\u00e5l\u00e4ggskalv\u201d dvs. seglare p\u00e5 v\u00e4g upp, men \u00e4nnu inte etablerad i toppen. S\u00f6kande kan vara \u00f6ver 16 \u00e5r. Stipendiet utg\u00f6rs av ett vandringspris till minne av Janne Bergl\u00f6w. GYC\u2019s styrelse kan ocks\u00e5 vid speciella tillf\u00e4llen besluta om ett tillh\u00f6rande penningpris.<\/p>\n<p><span style=\"color: #ff0000;\"><strong>______________________________________________________________________________________________<\/strong><\/span><\/p>\n<h2>Yachtman of the Year<\/h2>\n<p>G\u00f6teborgs Yacht Club All-round cup. F\u00f6rs\u00e4kringsaktiebolaget Fylgias Hederspris vid G\u00f6teborgsregattan 1923. Er\u00f6vrad och sk\u00e4nkt till GYC av Arvid Schultz.<\/p>\n<p>GYC utdelar varje \u00e5r Yachtman of the Year till den medlem eller bes\u00e4ttning som under kalender\u00e5ret utf\u00f6rt en framst\u00e5ende prestation p\u00e5 kappseglingsbanan. Priset \u00e4r st\u00e4ndigt vandrande!<\/p>\n<p style=\"margin: 0in; font-family: Georgia; font-size: 12.0pt; color: #333333;\">M\u00e5nga av v\u00e5ra medlemmar har under \u00e5ren premierats f\u00f6r sina framst\u00e5ende placeringar p\u00e5 OS, VM samt \u00f6vriga ber\u00f6mda seglingar . Nuvarande prispokal har d\u00e4rf\u00f6r f\u00e5tt byggas p\u00e5 f\u00f6r att alla plaketter skall f\u00e5 plats!<\/p>\n<p><span style=\"color: #ff0000;\">1966<\/span> G\u00d6RAN ANDERSSON<br \/>\n<span style=\"color: #ff0000;\">1969<\/span> PETTERSON\/SCHR\u00d6DER\/WESTERDAHL<br \/>\n<span style=\"color: #ff0000;\">1970<\/span> WENNERSTR\u00d6M\/CHRISTENSSON\/<br \/>\nKROOK\/LYBECK<br \/>\n<span style=\"color: #ff0000;\">1971<\/span> WENNERSTR\u00d6M\/CHRISTENSSON<br \/>\n<span style=\"color: #ff0000;\">1972<\/span> PETTERSON\/WESTERDAHL<br \/>\n<span style=\"color: #ff0000;\">1973<\/span> R.ELIASSON\/J.PALMQUIST\/J.BURMAN<br \/>\n<span style=\"color: #ff0000;\">1974<\/span> GUY LILJEGREN<br \/>\n<span style=\"color: #ff0000;\">1975<\/span> ALBRECHTSSON\/HANSSON<br \/>\n<span style=\"color: #ff0000;\">1976<\/span> ALBRECHTSSON\/HANSSON<br \/>\n<span style=\"color: #ff0000;\">1977<\/span> PELLE PETTERSON<br \/>\n<span style=\"color: #ff0000;\">1978<\/span> BENGT, JOHAN o BJ\u00d6RN PALMQUIST<br \/>\n<span style=\"color: #ff0000;\">1979<\/span> BENGT, JOHAN o BJ\u00d6RN PALMQUIST<br \/>\n<span style=\"color: #ff0000;\">1980<\/span> TEAM AMANDA P G GYLLENHAMMAR<br \/>\n<span style=\"color: #ff0000;\">1981<\/span> R.HESSELROTH M.CARLANDER G.HANSON o\u00a0C.NORDIN<br \/>\n<span style=\"color: #ff0000;\">1983<\/span> PELLE PETTERSON<br \/>\n<span style=\"color: #ff0000;\">1984<\/span> BR.CARLBERG<br \/>\n<span style=\"color: #ff0000;\">1985<\/span> KRISTER BERGSTR\u00d6M<br \/>\n<span style=\"color: #ff0000;\">1986<\/span> PELLE PETTERSON<br \/>\n<span style=\"color: #ff0000;\">1987<\/span> KRISTER BERGSTR\u00d6M<br \/>\n<span style=\"color: #ff0000;\">1988<\/span> KRISTER BERGSTR\u00d6M<br \/>\n<span style=\"color: #ff0000;\">1989<\/span> KRISTER BERGSTR\u00d6M<br \/>\n<span style=\"color: #ff0000;\">1990<\/span> MATS JOHANSSON<br \/>\n<span style=\"color: #ff0000;\">1991<\/span> KRISTER BERGSTR\u00d6M<br \/>\n<span style=\"color: #ff0000;\">1992<\/span> PER PETTERSON<br \/>\n<span style=\"color: #ff0000;\">1993<\/span> HANS WALL\u00c9N<br \/>\n<span style=\"color: #ff0000;\">1994<\/span> TEAM MAGNUS HOLMBERG<br \/>\n<span style=\"color: #ff0000;\">1996<\/span> H.WALL\u00c9N\/B.LOHSE<br \/>\n<span style=\"color: #ff0000;\">1999<\/span> WALL\u00c9N\/BARNE\/AUGUSTSSON<\/p>\n<p><span style=\"color: #ff0000;\">2002<\/span> TEAM PANORAMA<br \/>\n<span style=\"color: #ff0000;\">2003<\/span> TEAM PANORAMA<br \/>\n<span style=\"color: #ff0000;\">2004<\/span> T.TORGERSSON V.ZACHRISSON<br \/>\n<span style=\"color: #ff0000;\">2005<\/span> TEAM IDMYR<br \/>\n<span style=\"color: #ff0000;\">2006<\/span> T.TORGERSSON V.ZACHRISSON<br \/>\n<span style=\"color: #ff0000;\">2007<\/span> RASMUS MYRGREN<br \/>\n<span style=\"color: #ff0000;\">2008<\/span> ANDERS EKSTR\u00d6M<br \/>\n<span style=\"color: #ff0000;\">2009<\/span> TEAM BJ\u00d6RLING<br \/>\n<span style=\"color: #ff0000;\">2010<\/span> JOHAN BARNE<br \/>\n<span style=\"color: #ff0000;\">2011<\/span> TEAM MARTIN P\u00c5LSSON<br \/>\n<span style=\"color: #ff0000;\">2012<\/span> RASMUS MYRGREN<br \/>\n<span style=\"color: #ff0000;\">2013<\/span> CARL P. SYLVAN<br \/>\n<span style=\"color: #ff0000;\">2014<\/span> TEAM ANNA KJELLBERG<br \/>\n<span style=\"color: #ff0000;\">2015<\/span> MARTIN STR\u00d6MBERG<br \/>\n<span style=\"color: #ff0000;\">2016<\/span> TEAM ANNA<br \/>\n<span style=\"color: #ff0000;\">2017<\/span>\u00a0PETER GUSTAVSSON TEAM BLUR<br \/>\n<span style=\"color: #ff0000;\">2019<\/span> FREDRIK BERGSTR\u00d6M<br \/>\n<span style=\"color: #ff0000;\">2020<\/span>\u00a0FREDRIK BERGSTR\u00d6M<br \/>\n<span style=\"color: #ff0000;\">2021<\/span>\u00a0FREDRIK BERGSTR\u00d6M<br \/>\n<span style=\"color: #ff0000;\">2022<\/span> REBECCA NETZLER<br \/>\n<span style=\"color: #ff0000;\">2023<\/span>\u00a0REBECCA NETZLER<\/p>\n<p>&nbsp;<\/p>\n<p>&nbsp;<\/p>\n","protected":false},"excerpt":{"rendered":"<p>GYC har under m\u00e5nga \u00e5r delat ut stipendier till duktiga och lovande seglare inom bankappseglingen. Under senare \u00e5r har ocks\u00e5 andra stipendier tillkommit som ger fler m\u00f6jligheter till st\u00f6d fr\u00e5n klubben. ______________________________________________________________________________________________ GYC Jubileumsfond Fonden instiftades 2016 tack vare en donation fr\u00e5n Claes E. Jacobsson och andra GYC medlemmar. Tanken \u00e4r att fonden skall anv\u00e4ndas [&hellip;]<\/p>\n","protected":false},"author":1,"featured_media":0,"parent":0,"menu_order":0,"comment_status":"closed","ping_status":"closed","template":"","meta":{"footnotes":""},"class_list":["post-148","page","type-page","status-publish","hentry"],"_links":{"self":[{"href":"https:\/\/www.goteborgsyachtclub.org\/index.php?rest_route=\/wp\/v2\/pages\/148","targetHints":{"allow":["GET"]}}],"collection":[{"href":"https:\/\/www.goteborgsyachtclub.org\/index.php?rest_route=\/wp\/v2\/pages"}],"about":[{"href":"https:\/\/www.goteborgsyachtclub.org\/index.php?rest_route=\/wp\/v2\/types\/page"}],"author":[{"embeddable":true,"href":"https:\/\/www.goteborgsyachtclub.org\/index.php?rest_route=\/wp\/v2\/users\/1"}],"replies":[{"embeddable":true,"href":"https:\/\/www.goteborgsyachtclub.org\/index.php?rest_route=%2Fwp%2Fv2%2Fcomments&post=148"}],"version-history":[{"count":9,"href":"https:\/\/www.goteborgsyachtclub.org\/index.php?rest_route=\/wp\/v2\/pages\/148\/revisions"}],"predecessor-version":[{"id":450,"href":"https:\/\/www.goteborgsyachtclub.org\/index.php?rest_route=\/wp\/v2\/pages\/148\/revisions\/450"}],"wp:attachment":[{"href":"https:\/\/www.goteborgsyachtclub.org\/index.php?rest_route=%2Fwp%2Fv2%2Fmedia&parent=148"}],"curies":[{"name":"wp","href":"https:\/\/api.w.org\/{rel}","templated":true}]}}